{"id":1530,"date":"2018-01-02T08:00:49","date_gmt":"2018-01-02T01:00:49","guid":{"rendered":"http:\/\/intertu.edu.vn\/?page_id=1530"},"modified":"2020-02-24T16:57:36","modified_gmt":"2020-02-24T09:57:36","slug":"gioi-thieu-intertu","status":"publish","type":"page","link":"https:\/\/intertu.edu.vn\/en\/gioi-thieu-intertu\/","title":{"rendered":"About Us"},"content":{"rendered":"<p>[vc_row][vc_column width=&#8221;1\/6&#8243;][\/vc_column][vc_column width=&#8221;2\/3&#8243;][vc_column_text]<\/p>\n<p><img fetchpriority=\"high\" decoding=\"async\" class=\"size-full wp-image-6840\" src=\"https:\/\/intertu.edu.vn\/wp-content\/uploads\/2020\/01\/intertu-education-scaled.jpg\" alt=\"intertu-education\" width=\"2560\" height=\"1928\" srcset=\"https:\/\/intertu.edu.vn\/wp-content\/uploads\/2020\/01\/intertu-education-scaled.jpg 2560w, https:\/\/intertu.edu.vn\/wp-content\/uploads\/2020\/01\/intertu-education-1536x1157.jpg 1536w, https:\/\/intertu.edu.vn\/wp-content\/uploads\/2020\/01\/intertu-education-2048x1543.jpg 2048w, https:\/\/intertu.edu.vn\/wp-content\/uploads\/2020\/01\/intertu-education-1150x866.jpg 1150w, https:\/\/intertu.edu.vn\/wp-content\/uploads\/2020\/01\/intertu-education-750x565.jpg 750w, https:\/\/intertu.edu.vn\/wp-content\/uploads\/2020\/01\/intertu-education-400x301.jpg 400w, https:\/\/intertu.edu.vn\/wp-content\/uploads\/2020\/01\/intertu-education-250x188.jpg 250w\" sizes=\"(max-width: 2560px) 100vw, 2560px\" \/><\/p>\n<p style=\"text-align: justify;\"><strong>Being a pioneer in teaching Math and Science, <a href=\"http:\/\/intertu.edu.vn\/en\/\">Intertu Education<\/a> is an international educational center specializing in the research and development of a variety of courses for international, bilingual and integrated students. Our courses are including IB &#8211; AP &#8211; A &#8211; level &#8211; IGCSE exam preparation courses, SSAT &#8211; SAT &#8211; ACT &#8211; GMAT &#8211; GRE exam preparation courses, teacher training courses&#8230;<\/strong><\/p>\n<table class=\"about_us\">\n<tbody>\n<tr>\n<th class=\"green_bg white_text\">International Programs and Test Preparation<\/th>\n<th class=\"blue_bg white_text\">Science Subjects and Languages<\/th>\n<th class=\"orange_bg white_text\">Teacher Training Courses<\/th>\n<\/tr>\n<tr>\n<td><a href=\"http:\/\/intertu.edu.vn\/en\/ib\/\">IB exam preparation<\/a><\/p>\n<p><a href=\"http:\/\/intertu.edu.vn\/en\/ib\/\">MYP exam preparation<\/a><\/p>\n<p><a href=\"http:\/\/intertu.edu.vn\/en\/ib\/\">PYP exam preparation<\/a><\/td>\n<td><a href=\"http:\/\/intertu.edu.vn\/en\/toan-bang-tieng-anh\/\">Math in English<\/a><\/p>\n<p><a href=\"http:\/\/intertu.edu.vn\/en\/ly-bang-tieng-anh\/\">Physics in English<\/a><\/p>\n<p><a href=\"http:\/\/intertu.edu.vn\/en\/hoa-bang-tieng-anh\/\">Chemistry in English<\/a><\/p>\n<p><a href=\"http:\/\/intertu.edu.vn\/en\/sinh-bang-tieng-anh\/\">Biology in English<\/a><\/td>\n<td><a href=\"http:\/\/intertu.edu.vn\/en\/dao-tao-giao-vien-day-toan-bang-tieng-anh\/\">Teaching Math in English<\/a><\/td>\n<\/tr>\n<tr>\n<td><a href=\"http:\/\/intertu.edu.vn\/en\/igcse\/\">IGCSE exam preparation<\/a><\/td>\n<td><a href=\"http:\/\/intertu.edu.vn\/en\/khoa-hoc-bang-tieng-anh\/\">Science in English<\/a><\/p>\n<p><a href=\"http:\/\/intertu.edu.vn\/en\/kinh-te-bang-tieng-anh\/\">Economics in English<\/a><\/p>\n<p><a href=\"http:\/\/intertu.edu.vn\/en\/van-bang-tieng-anh\/\">Literature in English<\/a><\/td>\n<td><a href=\"http:\/\/intertu.edu.vn\/en\/dao-tao-giao-vien-day-vat-ly-bang-tieng-anh\/\">Teaching Physics in English<\/a><\/td>\n<\/tr>\n<tr>\n<td><a href=\"http:\/\/intertu.edu.vn\/en\/a-level\/\">A-level exam preparation<\/a><\/p>\n<p><a style=\"font-family: inherit; font-size: inherit;\" href=\"http:\/\/intertu.edu.vn\/en\/a-level\/\">AS Level exam preparation<\/a><\/td>\n<td><a href=\"http:\/\/intertu.edu.vn\/en\/cambridge-sciences-kids\/\">Cambridge Science<\/a><\/td>\n<td><a href=\"http:\/\/intertu.edu.vn\/en\/dao-tao-giao-vien-day-hoa-hoc-bang-tieng-anh\/\">Teaching Chemistry in English<\/a><\/td>\n<\/tr>\n<tr>\n<td><a href=\"http:\/\/intertu.edu.vn\/en\/ap\/\">AP exam preparation<\/a><\/td>\n<td><a href=\"http:\/\/intertu.edu.vn\/en\/tieng-anh-giao-tiep\/\">Communicative English<\/a><\/p>\n<p><a href=\"http:\/\/intertu.edu.vn\/en\/tieng-anh-doanh-nghiep\/\">Business English<\/a><\/p>\n<p><a href=\"http:\/\/intertu.edu.vn\/en\/tieng-anh-hoc-thuat\/\">Academic English<\/a><\/p>\n<p><a href=\"http:\/\/intertu.edu.vn\/en\/tieng-anh-chuyen-nganh\/\">Specialized English<\/a><\/td>\n<td><a href=\"http:\/\/intertu.edu.vn\/en\/dao-tao-giao-vien-day-sinh-hoc-bang-tieng-anh\/\">Teaching Biology in English<\/a><\/td>\n<\/tr>\n<tr>\n<td><a href=\"http:\/\/intertu.edu.vn\/en\/luyen-thi-ssat\/\">SSAT exam preparation<\/a><\/p>\n<p><a href=\"http:\/\/intertu.edu.vn\/en\/sat\/\">SAT exam preparation<\/a><\/p>\n<p><a href=\"http:\/\/intertu.edu.vn\/en\/luyen-thi-act\/\">ACT exam preparation<\/a><\/td>\n<td><a href=\"http:\/\/intertu.edu.vn\/en\/tieng-hoa\/\">Chinese<\/a>, <a href=\"http:\/\/intertu.edu.vn\/en\/tieng-nhat\/\">Japanese<\/a>, <a href=\"http:\/\/intertu.edu.vn\/en\/tieng-han\/\">Korean<\/a><\/p>\n<p><a href=\"http:\/\/intertu.edu.vn\/en\/tieng-phap\/\">French<\/a>, <a href=\"http:\/\/intertu.edu.vn\/en\/tieng-duc\/\">German<\/a>, <a href=\"http:\/\/intertu.edu.vn\/en\/tieng-tay-ban-nha\/\">Spanish<\/a><\/td>\n<td><a href=\"http:\/\/intertu.edu.vn\/en\/dao-tao-giao-vien-day-khoa-hoc-bang-tieng-anh\/\">Teaching Science in English<\/a><\/td>\n<\/tr>\n<tr>\n<td><a href=\"http:\/\/intertu.edu.vn\/en\/luyen-thi-gmat\/\">GMAT exam preparation<\/a><\/p>\n<p><a href=\"http:\/\/intertu.edu.vn\/en\/luyen-thi-gre\/\">GRE exam preparation<\/a><\/td>\n<td><a href=\"http:\/\/intertu.edu.vn\/en\/tieng-viet-cho-nguoi-nuoc-ngoai\/\">Vietnamese for foreigners<\/a><\/td>\n<td><\/td>\n<\/tr>\n<\/tbody>\n<\/table>\n<p style=\"text-align: right;\"><a href=\"http:\/\/giasuquocte.edu.vn\/en\"><strong>Intertu Education<\/strong><\/a><\/p>\n<p style=\"text-align: left;\">\u00a0[\/vc_column_text][\/vc_column][vc_column width=&#8221;1\/6&#8243;][\/vc_column][\/vc_row]<\/p>\n<p><\/p>","protected":false},"excerpt":{"rendered":"<p>[vc_row][vc_column width=&#8221;1\/6&#8243;][\/vc_column][vc_column width=&#8221;2\/3&#8243;][vc_column_text] Being a pioneer in teaching Math and Science, Intertu Education is an [&hellip;]<\/p>\n","protected":false},"author":75,"featured_media":0,"parent":0,"menu_order":0,"comment_status":"closed","ping_status":"closed","template":"","meta":{"footnotes":""},"class_list":["post-1530","page","type-page","status-publish","hentry"],"yoast_head":"<!-- This site is optimized with the Yoast SEO plugin v27.1.1 - https:\/\/yoast.com\/product\/yoast-seo-wordpress\/ -->\n<title>Intertu Education - Trung t\u00e2m gia s\u01b0 cho h\u1ecdc sinh tr\u01b0\u1eddng qu\u1ed1c t\u1ebf<\/title>\n<meta name=\"description\" content=\"Intertu Education \u2013 After School Tutoring Center l\u00e0 trung t\u00e2m gi\u00e1o d\u1ee5c qu\u1ed1c t\u1ebf ti\u00ean phong trong l\u0129nh v\u1ef1c gi\u1ea3ng d\u1ea1y b\u1ed5 tr\u1ee3 ngo\u00e0i gi\u1edd c\u00e1c m\u00f4n To\u00e1n v\u00e0 Khoa h\u1ecdc b\u1eb1ng ti\u1ebfng Anh cho h\u1ecdc sinh tr\u01b0\u1eddng qu\u1ed1c t\u1ebf\u00a0\u2013 song ng\u1eef\u00a0\u2013 t\u00edch h\u1ee3p, hi\u1ec7n \u0111ang chi\u00eau sinh c\u00e1c kh\u00f3a h\u1ecdc luy\u1ec7n thi ch\u01b0\u01a1ng tr\u00ecnh\u00a0IB\u00a0\u2013 AP\u00a0\u2013 A-level\u00a0\u2013 IGCSE, luy\u1ec7n thi ch\u1ee9ng ch\u1ec9 SSAT\u00a0\u2013 SAT\u00a0\u2013 ACT\u00a0\u2013 GMAT\u00a0\u2013 GRE, \u0111\u00e0o t\u1ea1o gi\u00e1o vi\u00ean d\u1ea1y b\u1eb1ng ti\u1ebfng Anh...\" \/>\n<meta name=\"robots\" content=\"noindex, follow, max-snippet:-1, max-image-preview:large, max-video-preview:-1\" \/>\n<meta property=\"og:locale\" content=\"en_US\" \/>\n<meta property=\"og:type\" content=\"article\" \/>\n<meta property=\"og:title\" content=\"Intertu Education - Trung t\u00e2m gia s\u01b0 cho h\u1ecdc sinh tr\u01b0\u1eddng qu\u1ed1c t\u1ebf\" \/>\n<meta property=\"og:description\" content=\"Intertu Education \u2013 After School Tutoring Center l\u00e0 trung t\u00e2m gi\u00e1o d\u1ee5c qu\u1ed1c t\u1ebf ti\u00ean phong trong l\u0129nh v\u1ef1c gi\u1ea3ng d\u1ea1y b\u1ed5 tr\u1ee3 ngo\u00e0i gi\u1edd c\u00e1c m\u00f4n To\u00e1n v\u00e0 Khoa h\u1ecdc b\u1eb1ng ti\u1ebfng Anh cho h\u1ecdc sinh tr\u01b0\u1eddng qu\u1ed1c t\u1ebf\u00a0\u2013 song ng\u1eef\u00a0\u2013 t\u00edch h\u1ee3p, hi\u1ec7n \u0111ang chi\u00eau sinh c\u00e1c kh\u00f3a h\u1ecdc luy\u1ec7n thi ch\u01b0\u01a1ng tr\u00ecnh\u00a0IB\u00a0\u2013 AP\u00a0\u2013 A-level\u00a0\u2013 IGCSE, luy\u1ec7n thi ch\u1ee9ng ch\u1ec9 SSAT\u00a0\u2013 SAT\u00a0\u2013 ACT\u00a0\u2013 GMAT\u00a0\u2013 GRE, \u0111\u00e0o t\u1ea1o gi\u00e1o vi\u00ean d\u1ea1y b\u1eb1ng ti\u1ebfng Anh...\" \/>\n<meta property=\"og:url\" content=\"https:\/\/intertu.edu.vn\/gioi-thieu-intertu\/\" \/>\n<meta property=\"og:site_name\" content=\"Intertu Education\" \/>\n<meta property=\"article:publisher\" content=\"https:\/\/www.facebook.com\/Intertu.edu.vn\" \/>\n<meta property=\"article:modified_time\" content=\"2020-02-24T09:57:36+00:00\" \/>\n<meta property=\"og:image\" content=\"https:\/\/intertu.edu.vn\/wp-content\/uploads\/2020\/01\/intertu-education-scaled.jpg\" \/>\n<meta name=\"twitter:label1\" content=\"Est. reading time\" \/>\n\t<meta name=\"twitter:data1\" content=\"3 minutes\" \/>\n<!-- \/ Yoast SEO plugin. -->","yoast_head_json":{"title":"Intertu Education - Trung t\u00e2m gia s\u01b0 cho h\u1ecdc sinh tr\u01b0\u1eddng qu\u1ed1c t\u1ebf","description":"Intertu Education \u2013 After School Tutoring Center l\u00e0 trung t\u00e2m gi\u00e1o d\u1ee5c qu\u1ed1c t\u1ebf ti\u00ean phong trong l\u0129nh v\u1ef1c gi\u1ea3ng d\u1ea1y b\u1ed5 tr\u1ee3 ngo\u00e0i gi\u1edd c\u00e1c m\u00f4n To\u00e1n v\u00e0 Khoa h\u1ecdc b\u1eb1ng ti\u1ebfng Anh cho h\u1ecdc sinh tr\u01b0\u1eddng qu\u1ed1c t\u1ebf\u00a0\u2013 song ng\u1eef\u00a0\u2013 t\u00edch h\u1ee3p, hi\u1ec7n \u0111ang chi\u00eau sinh c\u00e1c kh\u00f3a h\u1ecdc luy\u1ec7n thi ch\u01b0\u01a1ng tr\u00ecnh\u00a0IB\u00a0\u2013 AP\u00a0\u2013 A-level\u00a0\u2013 IGCSE, luy\u1ec7n thi ch\u1ee9ng ch\u1ec9 SSAT\u00a0\u2013 SAT\u00a0\u2013 ACT\u00a0\u2013 GMAT\u00a0\u2013 GRE, \u0111\u00e0o t\u1ea1o gi\u00e1o vi\u00ean d\u1ea1y b\u1eb1ng ti\u1ebfng Anh...","robots":{"index":"noindex","follow":"follow","max-snippet":"max-snippet:-1","max-image-preview":"max-image-preview:large","max-video-preview":"max-video-preview:-1"},"og_locale":"en_US","og_type":"article","og_title":"Intertu Education - Trung t\u00e2m gia s\u01b0 cho h\u1ecdc sinh tr\u01b0\u1eddng qu\u1ed1c t\u1ebf","og_description":"Intertu Education \u2013 After School Tutoring Center l\u00e0 trung t\u00e2m gi\u00e1o d\u1ee5c qu\u1ed1c t\u1ebf ti\u00ean phong trong l\u0129nh v\u1ef1c gi\u1ea3ng d\u1ea1y b\u1ed5 tr\u1ee3 ngo\u00e0i gi\u1edd c\u00e1c m\u00f4n To\u00e1n v\u00e0 Khoa h\u1ecdc b\u1eb1ng ti\u1ebfng Anh cho h\u1ecdc sinh tr\u01b0\u1eddng qu\u1ed1c t\u1ebf\u00a0\u2013 song ng\u1eef\u00a0\u2013 t\u00edch h\u1ee3p, hi\u1ec7n \u0111ang chi\u00eau sinh c\u00e1c kh\u00f3a h\u1ecdc luy\u1ec7n thi ch\u01b0\u01a1ng tr\u00ecnh\u00a0IB\u00a0\u2013 AP\u00a0\u2013 A-level\u00a0\u2013 IGCSE, luy\u1ec7n thi ch\u1ee9ng ch\u1ec9 SSAT\u00a0\u2013 SAT\u00a0\u2013 ACT\u00a0\u2013 GMAT\u00a0\u2013 GRE, \u0111\u00e0o t\u1ea1o gi\u00e1o vi\u00ean d\u1ea1y b\u1eb1ng ti\u1ebfng Anh...","og_url":"https:\/\/intertu.edu.vn\/gioi-thieu-intertu\/","og_site_name":"Intertu Education","article_publisher":"https:\/\/www.facebook.com\/Intertu.edu.vn","article_modified_time":"2020-02-24T09:57:36+00:00","og_image":[{"url":"https:\/\/intertu.edu.vn\/wp-content\/uploads\/2020\/01\/intertu-education-scaled.jpg","type":"","width":"","height":""}],"twitter_misc":{"Est. reading time":"3 minutes"},"schema":{"@context":"https:\/\/schema.org","@graph":[{"@type":"WebPage","@id":"https:\/\/intertu.edu.vn\/gioi-thieu-intertu\/","url":"https:\/\/intertu.edu.vn\/gioi-thieu-intertu\/","name":"Intertu Education - Trung t\u00e2m gia s\u01b0 cho h\u1ecdc sinh tr\u01b0\u1eddng qu\u1ed1c t\u1ebf","isPartOf":{"@id":"https:\/\/show.ia.edu.vn\/#website"},"primaryImageOfPage":{"@id":"https:\/\/intertu.edu.vn\/gioi-thieu-intertu\/#primaryimage"},"image":{"@id":"https:\/\/intertu.edu.vn\/gioi-thieu-intertu\/#primaryimage"},"thumbnailUrl":"https:\/\/intertu.edu.vn\/wp-content\/uploads\/2020\/01\/intertu-education-scaled.jpg","datePublished":"2018-01-02T01:00:49+00:00","dateModified":"2020-02-24T09:57:36+00:00","description":"Intertu Education \u2013 After School Tutoring Center l\u00e0 trung t\u00e2m gi\u00e1o d\u1ee5c qu\u1ed1c t\u1ebf ti\u00ean phong trong l\u0129nh v\u1ef1c gi\u1ea3ng d\u1ea1y b\u1ed5 tr\u1ee3 ngo\u00e0i gi\u1edd c\u00e1c m\u00f4n To\u00e1n v\u00e0 Khoa h\u1ecdc b\u1eb1ng ti\u1ebfng Anh cho h\u1ecdc sinh tr\u01b0\u1eddng qu\u1ed1c t\u1ebf\u00a0\u2013 song ng\u1eef\u00a0\u2013 t\u00edch h\u1ee3p, hi\u1ec7n \u0111ang chi\u00eau sinh c\u00e1c kh\u00f3a h\u1ecdc luy\u1ec7n thi ch\u01b0\u01a1ng tr\u00ecnh\u00a0IB\u00a0\u2013 AP\u00a0\u2013 A-level\u00a0\u2013 IGCSE, luy\u1ec7n thi ch\u1ee9ng ch\u1ec9 SSAT\u00a0\u2013 SAT\u00a0\u2013 ACT\u00a0\u2013 GMAT\u00a0\u2013 GRE, \u0111\u00e0o t\u1ea1o gi\u00e1o vi\u00ean d\u1ea1y b\u1eb1ng ti\u1ebfng Anh...","breadcrumb":{"@id":"https:\/\/intertu.edu.vn\/gioi-thieu-intertu\/#breadcrumb"},"inLanguage":"en-US","potentialAction":[{"@type":"ReadAction","target":["https:\/\/intertu.edu.vn\/gioi-thieu-intertu\/"]}]},{"@type":"ImageObject","inLanguage":"en-US","@id":"https:\/\/intertu.edu.vn\/gioi-thieu-intertu\/#primaryimage","url":"https:\/\/intertu.edu.vn\/wp-content\/uploads\/2020\/01\/intertu-education-scaled.jpg","contentUrl":"https:\/\/intertu.edu.vn\/wp-content\/uploads\/2020\/01\/intertu-education-scaled.jpg"},{"@type":"BreadcrumbList","@id":"https:\/\/intertu.edu.vn\/gioi-thieu-intertu\/#breadcrumb","itemListElement":[{"@type":"ListItem","position":1,"name":"Home","item":"https:\/\/intertu.edu.vn\/"},{"@type":"ListItem","position":2,"name":"V\u1ec1 ch\u00fang t\u00f4i"}]},{"@type":"WebSite","@id":"https:\/\/show.ia.edu.vn\/#website","url":"https:\/\/show.ia.edu.vn\/","name":"Intertu Education","description":"Intertu Education is the pioneer in the field of international education in Vietnam, specializes in providing language training services, academic subjects in English, skill courses...","publisher":{"@id":"https:\/\/show.ia.edu.vn\/#organization"},"potentialAction":[{"@type":"SearchAction","target":{"@type":"EntryPoint","urlTemplate":"https:\/\/show.ia.edu.vn\/?s={search_term_string}"},"query-input":{"@type":"PropertyValueSpecification","valueRequired":true,"valueName":"search_term_string"}}],"inLanguage":"en-US"},{"@type":"Organization","@id":"https:\/\/show.ia.edu.vn\/#organization","name":"Intertu Education","url":"https:\/\/show.ia.edu.vn\/","logo":{"@type":"ImageObject","inLanguage":"en-US","@id":"https:\/\/show.ia.edu.vn\/#\/schema\/logo\/image\/","url":"https:\/\/intertu.edu.vn\/wp-content\/uploads\/2016\/01\/1-2.png","contentUrl":"https:\/\/intertu.edu.vn\/wp-content\/uploads\/2016\/01\/1-2.png","width":949,"height":319,"caption":"Intertu Education"},"image":{"@id":"https:\/\/show.ia.edu.vn\/#\/schema\/logo\/image\/"},"sameAs":["https:\/\/www.facebook.com\/Intertu.edu.vn"]}]}},"_links":{"self":[{"href":"https:\/\/intertu.edu.vn\/en\/wp-json\/wp\/v2\/pages\/1530","targetHints":{"allow":["GET"]}}],"collection":[{"href":"https:\/\/intertu.edu.vn\/en\/wp-json\/wp\/v2\/pages"}],"about":[{"href":"https:\/\/intertu.edu.vn\/en\/wp-json\/wp\/v2\/types\/page"}],"author":[{"embeddable":true,"href":"https:\/\/intertu.edu.vn\/en\/wp-json\/wp\/v2\/users\/75"}],"replies":[{"embeddable":true,"href":"https:\/\/intertu.edu.vn\/en\/wp-json\/wp\/v2\/comments?post=1530"}],"version-history":[{"count":3,"href":"https:\/\/intertu.edu.vn\/en\/wp-json\/wp\/v2\/pages\/1530\/revisions"}],"predecessor-version":[{"id":6918,"href":"https:\/\/intertu.edu.vn\/en\/wp-json\/wp\/v2\/pages\/1530\/revisions\/6918"}],"wp:attachment":[{"href":"https:\/\/intertu.edu.vn\/en\/wp-json\/wp\/v2\/media?parent=1530"}],"curies":[{"name":"wp","href":"https:\/\/api.w.org\/{rel}","templated":true}]}}