{"id":1543,"date":"2018-01-02T08:00:58","date_gmt":"2018-01-02T01:00:58","guid":{"rendered":"http:\/\/intertu.edu.vn\/?page_id=1543"},"modified":"2021-03-17T10:43:51","modified_gmt":"2021-03-17T03:43:51","slug":"tam-nhin-su-menh","status":"publish","type":"page","link":"https:\/\/intertu.edu.vn\/en\/tam-nhin-su-menh\/","title":{"rendered":"Vision &#8211; Mission"},"content":{"rendered":"<p>[vc_row][vc_column width=&#8221;1\/6&#8243;][\/vc_column][vc_column width=&#8221;2\/3&#8243;][vc_column_text]<\/p>\n<p><img decoding=\"async\" class=\"size-full wp-image-6842 aligncenter\" src=\"https:\/\/intertu.edu.vn\/wp-content\/uploads\/2020\/01\/gia-su-quoc-te-scaled.jpg\" alt=\"gia-su-quoc-te\" width=\"2560\" height=\"1920\" srcset=\"https:\/\/intertu.edu.vn\/wp-content\/uploads\/2020\/01\/gia-su-quoc-te-scaled.jpg 2560w, https:\/\/intertu.edu.vn\/wp-content\/uploads\/2020\/01\/gia-su-quoc-te-1536x1152.jpg 1536w, https:\/\/intertu.edu.vn\/wp-content\/uploads\/2020\/01\/gia-su-quoc-te-2048x1536.jpg 2048w, https:\/\/intertu.edu.vn\/wp-content\/uploads\/2020\/01\/gia-su-quoc-te-1150x863.jpg 1150w, https:\/\/intertu.edu.vn\/wp-content\/uploads\/2020\/01\/gia-su-quoc-te-750x563.jpg 750w, https:\/\/intertu.edu.vn\/wp-content\/uploads\/2020\/01\/gia-su-quoc-te-400x300.jpg 400w, https:\/\/intertu.edu.vn\/wp-content\/uploads\/2020\/01\/gia-su-quoc-te-250x188.jpg 250w\" sizes=\"(max-width: 2560px) 100vw, 2560px\" \/><\/p>\n<p><strong>1. Our vision:<\/strong><\/p>\n<p>Intertu Education &#8211; After School Tutoring Center aims to become a leading <a href=\"https:\/\/intertu.edu.vn\/en\/gioi-thieu-intertu\/\">international educational center<\/a> in the field of an after-school tutoring center in Math and Science for international, bilingual, and integrated students.<\/p>\n<p>Based on the core values: Compassion &#8211; Honesty &#8211; Patience &#8211; Expertise, Intertu Education is constantly innovating in the study of <a href=\"https:\/\/intertu.edu.vn\/en\/\">IB exam preparation<\/a> and many international programs (AP, A-level, IGCSE&#8230;) and other international certificates (SSAT, SAT, ACT, GMAT, GRE&#8230;), making it easier to teach and study subjects in English.<\/p>\n<p><strong style=\"text-align: justify;\">2. Our mission:<\/strong><\/p>\n<p>With the desire to improve the learning quality for international &#8211; bilingual &#8211; integrated students, Intertu Education &#8211; <a href=\"http:\/\/giasuquocte.edu.vn\/en\/gioi-thieu-gia-su-quoc-te\/\">After School Tutoring Center<\/a> focuses on raising the score in accordance with students&#8217; competencies according to the core values: Compassion &#8211; Honesty &#8211; Patience &#8211; Expertise.<\/p>\n<ul>\n<li><strong>Compassion:<\/strong> Mentally reassuring, improving confidence, reducing pressure during the exam season.<\/li>\n<li><strong>Honesty:<\/strong> Proposes to students the science review roadmap and realistic study.<\/li>\n<li><strong>Patience:<\/strong> Be diligent and dedicated throughout the process of teaching and learning.<\/li>\n<li><strong>Expertise:<\/strong> Teaching students following the past papers and practice tests by understanding IB exam preparation and many international programs (AP, A-level, IGCSE&#8230;) and other international certificates (SSAT, SAT, ACT, GMAT, GRE&#8230;).<\/li>\n<\/ul>\n<p style=\"text-align: right;\"><a href=\"http:\/\/giasuquocte.edu.vn\/en\/\"><strong>Intertu Education<\/strong><\/a><\/p>\n<p style=\"text-align: left;\">[\/vc_column_text][\/vc_column][vc_column width=&#8221;1\/6&#8243;][\/vc_column][\/vc_row]<\/p>\n<p><\/p>","protected":false},"excerpt":{"rendered":"<p>[vc_row][vc_column width=&#8221;1\/6&#8243;][\/vc_column][vc_column width=&#8221;2\/3&#8243;][vc_column_text] 1. Our vision: Intertu Education &#8211; After School Tutoring Center aims to [&hellip;]<\/p>\n","protected":false},"author":75,"featured_media":0,"parent":0,"menu_order":0,"comment_status":"closed","ping_status":"closed","template":"","meta":{"footnotes":""},"class_list":["post-1543","page","type-page","status-publish","hentry"],"yoast_head":"<!-- This site is optimized with the Yoast SEO plugin v27.1.1 - https:\/\/yoast.com\/product\/yoast-seo-wordpress\/ -->\n<title>T\u1ea7m nh\u00ecn - S\u1ee9 m\u1ec7nh - Trung t\u00e2m d\u1ea1y c\u00e1c m\u00f4n h\u1ecdc b\u1eb1ng ti\u1ebfng Anh<\/title>\n<meta name=\"description\" content=\"Intertu Education \u2013 After School Tutoring Center \u0111\u1ecbnh h\u01b0\u1edbng tr\u1edf th\u00e0nh trung t\u00e2m gi\u00e1o d\u1ee5c qu\u1ed1c t\u1ebf h\u00e0ng \u0111\u1ea7u trong l\u0129nh v\u1ef1c gi\u1ea3ng d\u1ea1y b\u1ed5 tr\u1ee3 ngo\u00e0i gi\u1edd c\u00e1c m\u00f4n To\u00e1n v\u00e0 Khoa h\u1ecdc b\u1eb1ng ti\u1ebfng Anh cho h\u1ecdc sinh tr\u01b0\u1eddng qu\u1ed1c t\u1ebf \u2013 song ng\u1eef \u2013 t\u00edch h\u1ee3p.\" \/>\n<meta name=\"robots\" content=\"noindex, follow, max-snippet:-1, max-image-preview:large, max-video-preview:-1\" \/>\n<meta property=\"og:locale\" content=\"en_US\" \/>\n<meta property=\"og:type\" content=\"article\" \/>\n<meta property=\"og:title\" content=\"T\u1ea7m nh\u00ecn - S\u1ee9 m\u1ec7nh - Trung t\u00e2m d\u1ea1y c\u00e1c m\u00f4n h\u1ecdc b\u1eb1ng ti\u1ebfng Anh\" \/>\n<meta property=\"og:description\" content=\"Intertu Education \u2013 After School Tutoring Center \u0111\u1ecbnh h\u01b0\u1edbng tr\u1edf th\u00e0nh trung t\u00e2m gi\u00e1o d\u1ee5c qu\u1ed1c t\u1ebf h\u00e0ng \u0111\u1ea7u trong l\u0129nh v\u1ef1c gi\u1ea3ng d\u1ea1y b\u1ed5 tr\u1ee3 ngo\u00e0i gi\u1edd c\u00e1c m\u00f4n To\u00e1n v\u00e0 Khoa h\u1ecdc b\u1eb1ng ti\u1ebfng Anh cho h\u1ecdc sinh tr\u01b0\u1eddng qu\u1ed1c t\u1ebf \u2013 song ng\u1eef \u2013 t\u00edch h\u1ee3p.\" \/>\n<meta property=\"og:url\" content=\"https:\/\/intertu.edu.vn\/tam-nhin-su-menh\/\" \/>\n<meta property=\"og:site_name\" content=\"Intertu Education\" \/>\n<meta property=\"article:publisher\" content=\"https:\/\/www.facebook.com\/Intertu.edu.vn\" \/>\n<meta property=\"article:modified_time\" content=\"2021-03-17T03:43:51+00:00\" \/>\n<meta property=\"og:image\" content=\"https:\/\/intertu.edu.vn\/wp-content\/uploads\/2020\/01\/gia-su-quoc-te-scaled.jpg\" \/>\n<meta name=\"twitter:label1\" content=\"Est. reading time\" \/>\n\t<meta name=\"twitter:data1\" content=\"3 minutes\" \/>\n<!-- \/ Yoast SEO plugin. -->","yoast_head_json":{"title":"T\u1ea7m nh\u00ecn - S\u1ee9 m\u1ec7nh - Trung t\u00e2m d\u1ea1y c\u00e1c m\u00f4n h\u1ecdc b\u1eb1ng ti\u1ebfng Anh","description":"Intertu Education \u2013 After School Tutoring Center \u0111\u1ecbnh h\u01b0\u1edbng tr\u1edf th\u00e0nh trung t\u00e2m gi\u00e1o d\u1ee5c qu\u1ed1c t\u1ebf h\u00e0ng \u0111\u1ea7u trong l\u0129nh v\u1ef1c gi\u1ea3ng d\u1ea1y b\u1ed5 tr\u1ee3 ngo\u00e0i gi\u1edd c\u00e1c m\u00f4n To\u00e1n v\u00e0 Khoa h\u1ecdc b\u1eb1ng ti\u1ebfng Anh cho h\u1ecdc sinh tr\u01b0\u1eddng qu\u1ed1c t\u1ebf \u2013 song ng\u1eef \u2013 t\u00edch h\u1ee3p.","robots":{"index":"noindex","follow":"follow","max-snippet":"max-snippet:-1","max-image-preview":"max-image-preview:large","max-video-preview":"max-video-preview:-1"},"og_locale":"en_US","og_type":"article","og_title":"T\u1ea7m nh\u00ecn - S\u1ee9 m\u1ec7nh - Trung t\u00e2m d\u1ea1y c\u00e1c m\u00f4n h\u1ecdc b\u1eb1ng ti\u1ebfng Anh","og_description":"Intertu Education \u2013 After School Tutoring Center \u0111\u1ecbnh h\u01b0\u1edbng tr\u1edf th\u00e0nh trung t\u00e2m gi\u00e1o d\u1ee5c qu\u1ed1c t\u1ebf h\u00e0ng \u0111\u1ea7u trong l\u0129nh v\u1ef1c gi\u1ea3ng d\u1ea1y b\u1ed5 tr\u1ee3 ngo\u00e0i gi\u1edd c\u00e1c m\u00f4n To\u00e1n v\u00e0 Khoa h\u1ecdc b\u1eb1ng ti\u1ebfng Anh cho h\u1ecdc sinh tr\u01b0\u1eddng qu\u1ed1c t\u1ebf \u2013 song ng\u1eef \u2013 t\u00edch h\u1ee3p.","og_url":"https:\/\/intertu.edu.vn\/tam-nhin-su-menh\/","og_site_name":"Intertu Education","article_publisher":"https:\/\/www.facebook.com\/Intertu.edu.vn","article_modified_time":"2021-03-17T03:43:51+00:00","og_image":[{"url":"https:\/\/intertu.edu.vn\/wp-content\/uploads\/2020\/01\/gia-su-quoc-te-scaled.jpg","type":"","width":"","height":""}],"twitter_misc":{"Est. reading time":"3 minutes"},"schema":{"@context":"https:\/\/schema.org","@graph":[{"@type":"WebPage","@id":"https:\/\/intertu.edu.vn\/tam-nhin-su-menh\/","url":"https:\/\/intertu.edu.vn\/tam-nhin-su-menh\/","name":"T\u1ea7m nh\u00ecn - S\u1ee9 m\u1ec7nh - Trung t\u00e2m d\u1ea1y c\u00e1c m\u00f4n h\u1ecdc b\u1eb1ng ti\u1ebfng Anh","isPartOf":{"@id":"https:\/\/show.ia.edu.vn\/#website"},"primaryImageOfPage":{"@id":"https:\/\/intertu.edu.vn\/tam-nhin-su-menh\/#primaryimage"},"image":{"@id":"https:\/\/intertu.edu.vn\/tam-nhin-su-menh\/#primaryimage"},"thumbnailUrl":"https:\/\/intertu.edu.vn\/wp-content\/uploads\/2020\/01\/gia-su-quoc-te-scaled.jpg","datePublished":"2018-01-02T01:00:58+00:00","dateModified":"2021-03-17T03:43:51+00:00","description":"Intertu Education \u2013 After School Tutoring Center \u0111\u1ecbnh h\u01b0\u1edbng tr\u1edf th\u00e0nh trung t\u00e2m gi\u00e1o d\u1ee5c qu\u1ed1c t\u1ebf h\u00e0ng \u0111\u1ea7u trong l\u0129nh v\u1ef1c gi\u1ea3ng d\u1ea1y b\u1ed5 tr\u1ee3 ngo\u00e0i gi\u1edd c\u00e1c m\u00f4n To\u00e1n v\u00e0 Khoa h\u1ecdc b\u1eb1ng ti\u1ebfng Anh cho h\u1ecdc sinh tr\u01b0\u1eddng qu\u1ed1c t\u1ebf \u2013 song ng\u1eef \u2013 t\u00edch h\u1ee3p.","breadcrumb":{"@id":"https:\/\/intertu.edu.vn\/tam-nhin-su-menh\/#breadcrumb"},"inLanguage":"en-US","potentialAction":[{"@type":"ReadAction","target":["https:\/\/intertu.edu.vn\/tam-nhin-su-menh\/"]}]},{"@type":"ImageObject","inLanguage":"en-US","@id":"https:\/\/intertu.edu.vn\/tam-nhin-su-menh\/#primaryimage","url":"https:\/\/intertu.edu.vn\/wp-content\/uploads\/2020\/01\/gia-su-quoc-te-scaled.jpg","contentUrl":"https:\/\/intertu.edu.vn\/wp-content\/uploads\/2020\/01\/gia-su-quoc-te-scaled.jpg"},{"@type":"BreadcrumbList","@id":"https:\/\/intertu.edu.vn\/tam-nhin-su-menh\/#breadcrumb","itemListElement":[{"@type":"ListItem","position":1,"name":"Home","item":"https:\/\/intertu.edu.vn\/"},{"@type":"ListItem","position":2,"name":"T\u1ea7m nh\u00ecn &#8211; S\u1ee9 m\u1ec7nh"}]},{"@type":"WebSite","@id":"https:\/\/show.ia.edu.vn\/#website","url":"https:\/\/show.ia.edu.vn\/","name":"Intertu Education","description":"Intertu Education is the pioneer in the field of international education in Vietnam, specializes in providing language training services, academic subjects in English, skill courses...","publisher":{"@id":"https:\/\/show.ia.edu.vn\/#organization"},"potentialAction":[{"@type":"SearchAction","target":{"@type":"EntryPoint","urlTemplate":"https:\/\/show.ia.edu.vn\/?s={search_term_string}"},"query-input":{"@type":"PropertyValueSpecification","valueRequired":true,"valueName":"search_term_string"}}],"inLanguage":"en-US"},{"@type":"Organization","@id":"https:\/\/show.ia.edu.vn\/#organization","name":"Intertu Education","url":"https:\/\/show.ia.edu.vn\/","logo":{"@type":"ImageObject","inLanguage":"en-US","@id":"https:\/\/show.ia.edu.vn\/#\/schema\/logo\/image\/","url":"https:\/\/intertu.edu.vn\/wp-content\/uploads\/2016\/01\/1-2.png","contentUrl":"https:\/\/intertu.edu.vn\/wp-content\/uploads\/2016\/01\/1-2.png","width":949,"height":319,"caption":"Intertu Education"},"image":{"@id":"https:\/\/show.ia.edu.vn\/#\/schema\/logo\/image\/"},"sameAs":["https:\/\/www.facebook.com\/Intertu.edu.vn"]}]}},"_links":{"self":[{"href":"https:\/\/intertu.edu.vn\/en\/wp-json\/wp\/v2\/pages\/1543","targetHints":{"allow":["GET"]}}],"collection":[{"href":"https:\/\/intertu.edu.vn\/en\/wp-json\/wp\/v2\/pages"}],"about":[{"href":"https:\/\/intertu.edu.vn\/en\/wp-json\/wp\/v2\/types\/page"}],"author":[{"embeddable":true,"href":"https:\/\/intertu.edu.vn\/en\/wp-json\/wp\/v2\/users\/75"}],"replies":[{"embeddable":true,"href":"https:\/\/intertu.edu.vn\/en\/wp-json\/wp\/v2\/comments?post=1543"}],"version-history":[{"count":7,"href":"https:\/\/intertu.edu.vn\/en\/wp-json\/wp\/v2\/pages\/1543\/revisions"}],"predecessor-version":[{"id":7989,"href":"https:\/\/intertu.edu.vn\/en\/wp-json\/wp\/v2\/pages\/1543\/revisions\/7989"}],"wp:attachment":[{"href":"https:\/\/intertu.edu.vn\/en\/wp-json\/wp\/v2\/media?parent=1543"}],"curies":[{"name":"wp","href":"https:\/\/api.w.org\/{rel}","templated":true}]}}