{"id":1549,"date":"2016-01-09T11:01:04","date_gmt":"2016-01-09T04:01:04","guid":{"rendered":"http:\/\/intertu.edu.vn\/?page_id=1549"},"modified":"2018-11-23T17:04:22","modified_gmt":"2018-11-23T10:04:22","slug":"dang-ky-khoa-hoc-cac-mon-hoc-bang-tieng-anh","status":"publish","type":"page","link":"https:\/\/intertu.edu.vn\/en\/dang-ky-khoa-hoc-cac-mon-hoc-bang-tieng-anh\/","title":{"rendered":"Enroll Course"},"content":{"rendered":"<p> <script>\n  fbq('track', 'CompleteRegistration');\n<\/script><\/p>\n<p><script>\n function isNumberKey(evt)\n {\n var charCode = (evt.which) ? evt.which : event.keyCode\n if (charCode > 31 && (charCode < 48 || charCode > 57))\n return false;\n return true;\n }\n <\/script><br \/>\n<!-- Begin MailChimp Signup Form --><\/p>\n<div id=\"mc_embed_signup\">\n<form id=\"mc-embedded-subscribe-form\" class=\"validate\" action=\"\/\/intertu.us12.list-manage.com\/subscribe\/post?u=6cf62aae5af31e5d3ea78f142&amp;id=fe8a86e621\" method=\"post\" name=\"mc-embedded-subscribe-form\" novalidate=\"\" target=\"_blank\">\n<div id=\"mc_embed_signup_scroll\">\n<div class=\"indicates-required\"><span class=\"asterisk\">*<\/span>\u00a0Indicates required<\/div>\n<div class=\"mc-field-group\"><label for=\"mce-FNAME\">Student&#8217;s name <span class=\"asterisk\">*<\/span><br \/>\n<\/label><br \/>\n<input id=\"mce-FNAME\" class=\"required\" name=\"FNAME\" type=\"text\" value=\"\" \/><\/div>\n<div class=\"mc-field-group\"><label for=\"mce-MMERGE3\">Parent&#8217;s name <span class=\"asterisk\">*<\/span><br \/>\n<\/label><br \/>\n<input id=\"mce-MMERGE3\" class=\"required\" name=\"MMERGE3\" type=\"text\" value=\"\" \/><\/div>\n<div class=\"mc-field-group\"><label for=\"mce-EMAIL\">Email address <span class=\"asterisk\">*<\/span><br \/>\n<\/label><br \/>\n<input id=\"mce-EMAIL\" class=\"required email\" name=\"EMAIL\" type=\"email\" value=\"\" \/><\/div>\n<div class=\"mc-field-group\"><label for=\"mce-MMERGE2\">Home address <span class=\"asterisk\">*<\/span><br \/>\n<\/label><br \/>\n<input id=\"mce-MMERGE2\" class=\"required\" name=\"MMERGE2\" type=\"text\" value=\"\" \/><\/div>\n<div class=\"mc-field-group\"><label for=\"mce-MMERGE4\">Subjects or course <span class=\"asterisk\">*<\/span><br \/>\n<\/label><br \/>\n<input id=\"mce-MMERGE4\" class=\"required\" name=\"MMERGE4\" type=\"text\" value=\"\" \/><\/div>\n<div class=\"mc-field-group\"><label for=\"mce-MMERGE5\">Time <span class=\"asterisk\">*<\/span><br \/>\n<\/label><br \/>\n<input id=\"mce-MMERGE5\" class=\"required\" name=\"MMERGE5\" type=\"text\" value=\"\" \/><\/div>\n<div class=\"mc-field-group\"><label for=\"mce-MMERGE9\">Kind of Studying <span class=\"asterisk\">*<\/span><br \/>\n<\/label><br \/>\n<select id=\"mce-MMERGE9\" class=\"required\" name=\"MMERGE9\"><option value=\"\"><\/option><option value=\"H\u1ecdc nh\u00f3m\">Learning in group<\/option><option value=\"1 k\u00e8m 1\">One-to-one<\/option><option value=\"Gia s\u01b0 t\u1ea1i nh\u00e0\">Home tutoring<\/option><\/select><\/div>\n<div class=\"mc-field-group size1of2\"><label for=\"mce-START_DATE-month\">Date to start <span class=\"asterisk\">*<\/span><br \/>\n<\/label><\/p>\n<div class=\"datefield\"><span class=\"subfield dayfield\"><input id=\"mce-START_DATE-day\" class=\"datepart required\" maxlength=\"2\" name=\"START_DATE[day]\" pattern=\"[0-9]*\" size=\"2\" type=\"text\" value=\"\" placeholder=\"DD\" \/><\/span> \/ <span class=\"subfield monthfield\"><input id=\"mce-START_DATE-month\" class=\"datepart required\" maxlength=\"2\" name=\"START_DATE[month]\" pattern=\"[0-9]*\" size=\"2\" type=\"text\" value=\"\" placeholder=\"MM\" \/><\/span> \/ <span class=\"subfield yearfield\"><input id=\"mce-START_DATE-year\" class=\"datepart required\" maxlength=\"4\" name=\"START_DATE[year]\" pattern=\"[0-9]*\" size=\"4\" type=\"text\" value=\"\" placeholder=\"YYYY\" \/><\/span><\/div>\n<\/div>\n<div class=\"mc-field-group size1of2\"><label for=\"mce-MMERGE7\">Phone <span class=\"asterisk\">*<\/span><br \/>\n<\/label><br \/>\n<input id=\"mce-MMERGE7\" class=\"required\" name=\"MMERGE7\" type=\"text\" value=\"\"  onKeyPress=\"return isNumberKey(event)\"\/><\/div>\n<div class=\"mc-field-group\"><label for=\"mce-MMERGE8\">School <span class=\"asterisk\">*<\/span><br \/>\n<\/label><br \/>\n<input id=\"mce-MMERGE8\" class=\"required\" name=\"MMERGE8\" type=\"text\" value=\"\" \/><\/div>\n<div class=\"mc-field-group input-group\">\n<p><strong>Sexual <\/strong><\/p>\n<ul>\n<li><input id=\"mce-group[2749]-2749-0\" name=\"group[2749]\" type=\"radio\" value=\"1\" \/><label for=\"mce-group[2749]-2749-0\"> Male<\/label><\/li>\n<li><input id=\"mce-group[2749]-2749-1\" name=\"group[2749]\" type=\"radio\" value=\"2\" \/><label for=\"mce-group[2749]-2749-1\"> Female<\/label><\/li>\n<\/ul>\n<\/div>\n<div class=\"mc-field-group input-group\">\n<p><strong>Where do you know INTERTU Education from? <\/strong><\/p>\n<ul>\n<li><input id=\"mce-group[2753]-2753-0\" name=\"group[2753][4]\" type=\"checkbox\" value=\"4\" \/><label for=\"mce-group[2753]-2753-0\">Facebook<\/label><\/li>\n<li><input id=\"mce-group[2753]-2753-1\" name=\"group[2753][8]\" type=\"checkbox\" value=\"8\" \/><label for=\"mce-group[2753]-2753-1\">Newspaper<\/label><\/li>\n<li><input id=\"mce-group[2753]-2753-2\" name=\"group[2753][16]\" type=\"checkbox\" value=\"16\" \/><label for=\"mce-group[2753]-2753-2\">Flyers<\/label><\/li>\n<li><input id=\"mce-group[2753]-2753-3\" name=\"group[2753][32]\" type=\"checkbox\" value=\"32\" \/><label for=\"mce-group[2753]-2753-3\">Internet<\/label><\/li>\n<li><input id=\"mce-group[2753]-2753-4\" name=\"group[2753][64]\" type=\"checkbox\" value=\"64\" \/><label for=\"mce-group[2753]-2753-4\">Others<\/label><\/li>\n<\/ul>\n<\/div>\n<div id=\"mce-responses\" class=\"clear\"><\/div>\n<p><!-- real people should not fill this in and expect good things - do not remove this or risk form bot signups--><\/p>\n<div style=\"position: absolute; left: -5000px;\"><input tabindex=\"-1\" name=\"b_6cf62aae5af31e5d3ea78f142_fe8a86e621\" type=\"text\" value=\"\" \/><\/div>\n<div class=\"clear\" style=\"text-align: center;\"><input id=\"mc-embedded-subscribe\" class=\"button\" name=\"subscribe\" type=\"submit\" value=\"Enroll\" \/><\/div>\n<\/div>\n<\/form>\n<\/div>\n<p><script src=\"\/\/s3.amazonaws.com\/downloads.mailchimp.com\/js\/mc-validate.js\" type=\"text\/javascript\"><\/script><script type=\"text\/javascript\">\/\/ <![CDATA[ (function($) {window.fnames = new Array(); window.ftypes = new Array();fnames[1]='FNAME';ftypes[1]='text';fnames[3]='MMERGE3';ftypes[3]='text';fnames[0]='EMAIL';ftypes[0]='email';fnames[2]='MMERGE2';ftypes[2]='text';fnames[4]='MMERGE4';ftypes[4]='text';fnames[5]='MMERGE5';ftypes[5]='text';fnames[6]='START_DATE';ftypes[6]='date';fnames[7]='MMERGE7';ftypes[7]='phone';fnames[8]='MMERGE8';ftypes[8]='text';ftypes[9]='MMERGE9';}(jQuery));var $mcj = jQuery.noConflict(true); \/\/ ]]><\/script><br \/>\n<!--End mc_embed_signup--><br \/>\n<script>\n function isNumberKey(evt)\n {\n var charCode = (evt.which) ? evt.which : event.keyCode\n if (charCode > 31 && (charCode < 48 || charCode > 57))\n return false;\n return true;\n }\n <\/script><\/p>","protected":false},"excerpt":{"rendered":"<p>*\u00a0Indicates required Student&#8217;s name * Parent&#8217;s name * Email address * Home address * Subjects [&hellip;]<\/p>\n","protected":false},"author":75,"featured_media":0,"parent":0,"menu_order":0,"comment_status":"closed","ping_status":"closed","template":"single.php","meta":{"footnotes":""},"class_list":["post-1549","page","type-page","status-publish","hentry"],"yoast_head":"<!-- This site is optimized with the Yoast SEO plugin v27.1.1 - https:\/\/yoast.com\/product\/yoast-seo-wordpress\/ -->\n<title>\u0110\u0103ng k\u00fd kh\u00f3a h\u1ecdc - Intertu Education<\/title>\n<meta name=\"description\" content=\"B\u1ea1n \u0111ang c\u1ea7n gia s\u01b0 c\u00e1c m\u00f4n h\u1ecdc b\u1eb1ng ti\u1ebfng Anh, c\u00e1c m\u00f4n thu\u1ed9c ch\u01b0\u01a1ng tr\u00ecnh qu\u1ed1c t\u1ebf, ho\u1eb7c b\u1ea1n mu\u1ed1n h\u1ecdc m\u1ed9t ngo\u1ea1i ng\u1eef m\u1edbi, h\u00e3y \u0111\u0103ng k\u00fd kh\u00f3a h\u1ecdc ngay.\" \/>\n<meta name=\"robots\" content=\"noindex, follow, max-snippet:-1, max-image-preview:large, max-video-preview:-1\" \/>\n<meta property=\"og:locale\" content=\"en_US\" \/>\n<meta property=\"og:type\" content=\"article\" \/>\n<meta property=\"og:title\" content=\"\u0110\u0103ng k\u00fd kh\u00f3a h\u1ecdc - Intertu Education\" \/>\n<meta property=\"og:description\" content=\"B\u1ea1n \u0111ang c\u1ea7n gia s\u01b0 c\u00e1c m\u00f4n h\u1ecdc b\u1eb1ng ti\u1ebfng Anh, c\u00e1c m\u00f4n thu\u1ed9c ch\u01b0\u01a1ng tr\u00ecnh qu\u1ed1c t\u1ebf, ho\u1eb7c b\u1ea1n mu\u1ed1n h\u1ecdc m\u1ed9t ngo\u1ea1i ng\u1eef m\u1edbi, h\u00e3y \u0111\u0103ng k\u00fd kh\u00f3a h\u1ecdc ngay.\" \/>\n<meta property=\"og:url\" content=\"https:\/\/intertu.edu.vn\/en\/dang-ky-khoa-hoc-cac-mon-hoc-bang-tieng-anh\/\" \/>\n<meta property=\"og:site_name\" content=\"Intertu Education\" \/>\n<meta property=\"article:publisher\" content=\"https:\/\/www.facebook.com\/Intertu.edu.vn\" \/>\n<meta property=\"article:modified_time\" content=\"2018-11-23T10:04:22+00:00\" \/>\n<meta property=\"og:image\" content=\"http:\/\/intertu.edu.vn\/wp-content\/uploads\/2016\/01\/1-2.png\" \/>\n<meta name=\"twitter:label1\" content=\"Est. reading time\" \/>\n\t<meta name=\"twitter:data1\" content=\"1 minute\" \/>\n<!-- \/ Yoast SEO plugin. -->","yoast_head_json":{"title":"\u0110\u0103ng k\u00fd kh\u00f3a h\u1ecdc - Intertu Education","description":"B\u1ea1n \u0111ang c\u1ea7n gia s\u01b0 c\u00e1c m\u00f4n h\u1ecdc b\u1eb1ng ti\u1ebfng Anh, c\u00e1c m\u00f4n thu\u1ed9c ch\u01b0\u01a1ng tr\u00ecnh qu\u1ed1c t\u1ebf, ho\u1eb7c b\u1ea1n mu\u1ed1n h\u1ecdc m\u1ed9t ngo\u1ea1i ng\u1eef m\u1edbi, h\u00e3y \u0111\u0103ng k\u00fd kh\u00f3a h\u1ecdc ngay.","robots":{"index":"noindex","follow":"follow","max-snippet":"max-snippet:-1","max-image-preview":"max-image-preview:large","max-video-preview":"max-video-preview:-1"},"og_locale":"en_US","og_type":"article","og_title":"\u0110\u0103ng k\u00fd kh\u00f3a h\u1ecdc - Intertu Education","og_description":"B\u1ea1n \u0111ang c\u1ea7n gia s\u01b0 c\u00e1c m\u00f4n h\u1ecdc b\u1eb1ng ti\u1ebfng Anh, c\u00e1c m\u00f4n thu\u1ed9c ch\u01b0\u01a1ng tr\u00ecnh qu\u1ed1c t\u1ebf, ho\u1eb7c b\u1ea1n mu\u1ed1n h\u1ecdc m\u1ed9t ngo\u1ea1i ng\u1eef m\u1edbi, h\u00e3y \u0111\u0103ng k\u00fd kh\u00f3a h\u1ecdc ngay.","og_url":"https:\/\/intertu.edu.vn\/en\/dang-ky-khoa-hoc-cac-mon-hoc-bang-tieng-anh\/","og_site_name":"Intertu Education","article_publisher":"https:\/\/www.facebook.com\/Intertu.edu.vn","article_modified_time":"2018-11-23T10:04:22+00:00","og_image":[{"url":"http:\/\/intertu.edu.vn\/wp-content\/uploads\/2016\/01\/1-2.png","type":"","width":"","height":""}],"twitter_misc":{"Est. reading time":"1 minute"},"schema":{"@context":"https:\/\/schema.org","@graph":[{"@type":"WebPage","@id":"https:\/\/intertu.edu.vn\/en\/dang-ky-khoa-hoc-cac-mon-hoc-bang-tieng-anh\/","url":"https:\/\/intertu.edu.vn\/en\/dang-ky-khoa-hoc-cac-mon-hoc-bang-tieng-anh\/","name":"\u0110\u0103ng k\u00fd kh\u00f3a h\u1ecdc - Intertu Education","isPartOf":{"@id":"https:\/\/show.ia.edu.vn\/#website"},"datePublished":"2016-01-09T04:01:04+00:00","dateModified":"2018-11-23T10:04:22+00:00","description":"B\u1ea1n \u0111ang c\u1ea7n gia s\u01b0 c\u00e1c m\u00f4n h\u1ecdc b\u1eb1ng ti\u1ebfng Anh, c\u00e1c m\u00f4n thu\u1ed9c ch\u01b0\u01a1ng tr\u00ecnh qu\u1ed1c t\u1ebf, ho\u1eb7c b\u1ea1n mu\u1ed1n h\u1ecdc m\u1ed9t ngo\u1ea1i ng\u1eef m\u1edbi, h\u00e3y \u0111\u0103ng k\u00fd kh\u00f3a h\u1ecdc ngay.","breadcrumb":{"@id":"https:\/\/intertu.edu.vn\/en\/dang-ky-khoa-hoc-cac-mon-hoc-bang-tieng-anh\/#breadcrumb"},"inLanguage":"en-US","potentialAction":[{"@type":"ReadAction","target":["https:\/\/intertu.edu.vn\/en\/dang-ky-khoa-hoc-cac-mon-hoc-bang-tieng-anh\/"]}]},{"@type":"BreadcrumbList","@id":"https:\/\/intertu.edu.vn\/en\/dang-ky-khoa-hoc-cac-mon-hoc-bang-tieng-anh\/#breadcrumb","itemListElement":[{"@type":"ListItem","position":1,"name":"Home","item":"https:\/\/intertu.edu.vn\/"},{"@type":"ListItem","position":2,"name":"Enroll Course"}]},{"@type":"WebSite","@id":"https:\/\/show.ia.edu.vn\/#website","url":"https:\/\/show.ia.edu.vn\/","name":"Intertu Education","description":"Intertu Education is the pioneer in the field of international education in Vietnam, specializes in providing language training services, academic subjects in English, skill courses...","publisher":{"@id":"https:\/\/show.ia.edu.vn\/#organization"},"potentialAction":[{"@type":"SearchAction","target":{"@type":"EntryPoint","urlTemplate":"https:\/\/show.ia.edu.vn\/?s={search_term_string}"},"query-input":{"@type":"PropertyValueSpecification","valueRequired":true,"valueName":"search_term_string"}}],"inLanguage":"en-US"},{"@type":"Organization","@id":"https:\/\/show.ia.edu.vn\/#organization","name":"Intertu Education","url":"https:\/\/show.ia.edu.vn\/","logo":{"@type":"ImageObject","inLanguage":"en-US","@id":"https:\/\/show.ia.edu.vn\/#\/schema\/logo\/image\/","url":"https:\/\/intertu.edu.vn\/wp-content\/uploads\/2016\/01\/1-2.png","contentUrl":"https:\/\/intertu.edu.vn\/wp-content\/uploads\/2016\/01\/1-2.png","width":949,"height":319,"caption":"Intertu Education"},"image":{"@id":"https:\/\/show.ia.edu.vn\/#\/schema\/logo\/image\/"},"sameAs":["https:\/\/www.facebook.com\/Intertu.edu.vn"]}]}},"_links":{"self":[{"href":"https:\/\/intertu.edu.vn\/en\/wp-json\/wp\/v2\/pages\/1549","targetHints":{"allow":["GET"]}}],"collection":[{"href":"https:\/\/intertu.edu.vn\/en\/wp-json\/wp\/v2\/pages"}],"about":[{"href":"https:\/\/intertu.edu.vn\/en\/wp-json\/wp\/v2\/types\/page"}],"author":[{"embeddable":true,"href":"https:\/\/intertu.edu.vn\/en\/wp-json\/wp\/v2\/users\/75"}],"replies":[{"embeddable":true,"href":"https:\/\/intertu.edu.vn\/en\/wp-json\/wp\/v2\/comments?post=1549"}],"version-history":[{"count":0,"href":"https:\/\/intertu.edu.vn\/en\/wp-json\/wp\/v2\/pages\/1549\/revisions"}],"wp:attachment":[{"href":"https:\/\/intertu.edu.vn\/en\/wp-json\/wp\/v2\/media?parent=1549"}],"curies":[{"name":"wp","href":"https:\/\/api.w.org\/{rel}","templated":true}]}}