{"id":52,"date":"2014-12-30T10:08:50","date_gmt":"2014-12-30T10:08:50","guid":{"rendered":"http:\/\/education.themerex.net\/?page_id=52"},"modified":"2020-01-13T16:15:13","modified_gmt":"2020-01-13T09:15:13","slug":"lien-he-intertu","status":"publish","type":"page","link":"https:\/\/intertu.edu.vn\/en\/lien-he-intertu\/","title":{"rendered":"Contact Us"},"content":{"rendered":"<p>[vc_row][vc_column]<div class=\"sc_section\"><div class=\"sc_content content_wrap\" style=\"margin-top:3em !important;margin-bottom:3em !important;\"><div class=\"columns_wrap sc_columns columns_fluid sc_columns_count_3\"><div class=\"column-1_3 sc_column_item sc_column_item_1 odd first\" style=\"text-align:center;\"><span class=\"sc_icon icon-mail-2 link_color\" style=\"font-size:5em; line-height: 1em;\"><\/span><div class=\"sc_section\" style=\"margin-top:1em !important;\">[vc_column_text]<a href=\"#\">info@intertu.edu.vn<\/a><br \/>\n<a href=\"#\">www.intertu.edu.vn<\/a>[\/vc_column_text]<\/div><\/div><div class=\"column-1_3 sc_column_item sc_column_item_2 even\" style=\"text-align:center;\"><span class=\"sc_icon icon-telephone-2 link_color\" style=\"font-size:5em; line-height: 1em;\"><\/span><div class=\"sc_section\" style=\"margin-top:1em !important;color:#222222;\">[vc_column_text]028.22.42.62.82<br \/>\n091.7219.277[\/vc_column_text]<\/div><\/div><div class=\"column-1_3 sc_column_item sc_column_item_3 odd\" style=\"text-align:center;\"><span class=\"sc_icon icon-map-2 link_color\" style=\"font-size:5em; line-height: 1em;\"><\/span><div class=\"sc_section\" style=\"margin-top:1em !important;color:#222222;\">[vc_column_text]<\/p>\n<p style=\"text-align: left;\">191 Nguyen Van Huong, Thao Dien, D2, HCMC<\/p>\n<p>[\/vc_column_text]<\/div><\/div><\/div><\/div><\/div>[\/vc_column][\/vc_row][vc_row][vc_column]<div class=\"sc_section bg_tint_dark\" style=\"background-color:#024b5e;background-image:url(http:\/\/intertu.edu.vn\/wp-content\/uploads\/2014\/12\/section_bg_01.jpg);\"><div class=\"sc_section_overlay\" style=\"background-color:rgba(2,75,94,0.8);\" data-overlay=\"0.8\" data-bg_color=\"#024b5e\"><div class=\"sc_section_content\"><div class=\"sc_content content_wrap\" style=\"margin-top:3em !important;margin-bottom:3.5em !important;\"><div  id=\"sc_contact_form_542146309\"class=\"sc_contact_form sc_contact_form_standard aligncenter\" style=\"width:80%;\"><h2 class=\"sc_contact_form_title\">Contact Us Today<\/h2><p class=\"sc_contact_form_description\">Your email address will not be published. Required fields are marked *<\/p><form id=\"sc_contact_form_542146309\" data-formtype=\"contact\" method=\"post\" action=\"https:\/\/intertu.edu.vn\/wp-admin\/admin-ajax.php\"><div class=\"sc_contact_form_info\"><div class=\"sc_contact_form_item sc_contact_form_field label_over\"><label class=\"required\" for=\"sc_contact_form_username\">Name<\/label><input id=\"sc_contact_form_username\" type=\"text\" name=\"username\" placeholder=\"Name *\"><\/div><div class=\"sc_contact_form_item sc_contact_form_field label_over\"><label class=\"required\" for=\"sc_contact_form_email\">E-mail<\/label><input id=\"sc_contact_form_email\" type=\"text\" name=\"email\" placeholder=\"E-mail *\"><\/div><div class=\"sc_contact_form_item sc_contact_form_field label_over\"><label class=\"required\" for=\"sc_contact_form_subj\">Subject<\/label><input id=\"sc_contact_form_subj\" type=\"text\" name=\"subject\" placeholder=\"Subject\"><\/div><\/div><div class=\"sc_contact_form_item sc_contact_form_message label_over\"><label class=\"required\" for=\"sc_contact_form_message\">Message<\/label><textarea id=\"sc_contact_form_message\" name=\"message\" placeholder=\"Message\"><\/textarea><\/div><div class=\"sc_form_field sc_form_field_checkbox\">\r\n                    <input type=\"checkbox\" id=\"i_agree_privacy_policy_sc_form_2\" name=\"i_agree_privacy_policy\" class=\"sc_form_privacy_checkbox\" value=\"1\">\r\n                    <label for=\"i_agree_privacy_policy_sc_form_2\">I agree that my submitted data is being collected and stored.<\/label><\/div><div class=\"sc_contact_form_item sc_contact_form_button\"  disabled=\"disabled\"><button>SEND MESSAGE<\/button><\/div><div class=\"result sc_infobox\"><\/div><\/form><\/div><\/div><\/div><\/div><\/div>[\/vc_column][\/vc_row]<\/p>","protected":false},"excerpt":{"rendered":"<p>[vc_row][vc_column][\/vc_column][\/vc_row][vc_row][vc_column][\/vc_column][\/vc_row]<\/p>\n","protected":false},"author":75,"featured_media":0,"parent":0,"menu_order":0,"comment_status":"open","ping_status":"open","template":"","meta":{"footnotes":""},"class_list":["post-52","page","type-page","status-publish","hentry"],"yoast_head":"<!-- This site is optimized with the Yoast SEO plugin v27.1.1 - https:\/\/yoast.com\/product\/yoast-seo-wordpress\/ -->\n<title>Li\u00ean h\u1ec7 \u0111\u0103ng k\u00fd c\u00e1c m\u00f4n h\u1ecdc b\u1eb1ng ti\u1ebfng Anh - Intertu Education<\/title>\n<meta name=\"description\" content=\"N\u1ebfu mu\u1ed1n tham gia kh\u00f3a h\u1ecdc, h\u00e3y li\u00ean h\u1ec7 \u0111\u0103ng k\u00fd c\u00e1c m\u00f4n h\u1ecdc b\u1eb1ng ti\u1ebfng Anh v\u1edbi Intertu Education.\" \/>\n<meta name=\"robots\" content=\"noindex, follow, max-snippet:-1, max-image-preview:large, max-video-preview:-1\" \/>\n<meta property=\"og:locale\" content=\"en_US\" \/>\n<meta property=\"og:type\" content=\"article\" \/>\n<meta property=\"og:title\" content=\"Li\u00ean h\u1ec7 \u0111\u0103ng k\u00fd c\u00e1c m\u00f4n h\u1ecdc b\u1eb1ng ti\u1ebfng Anh - Intertu Education\" \/>\n<meta property=\"og:description\" content=\"N\u1ebfu mu\u1ed1n tham gia kh\u00f3a h\u1ecdc, h\u00e3y li\u00ean h\u1ec7 \u0111\u0103ng k\u00fd c\u00e1c m\u00f4n h\u1ecdc b\u1eb1ng ti\u1ebfng Anh v\u1edbi Intertu Education.\" \/>\n<meta property=\"og:url\" content=\"https:\/\/intertu.edu.vn\/en\/lien-he-intertu\/\" \/>\n<meta property=\"og:site_name\" content=\"Intertu Education\" \/>\n<meta property=\"article:publisher\" content=\"https:\/\/www.facebook.com\/Intertu.edu.vn\" \/>\n<meta property=\"article:modified_time\" content=\"2020-01-13T09:15:13+00:00\" \/>\n<meta property=\"og:image\" content=\"http:\/\/intertu.edu.vn\/wp-content\/uploads\/2016\/01\/1-2.png\" \/>\n<meta name=\"twitter:label1\" content=\"Est. reading time\" \/>\n\t<meta name=\"twitter:data1\" content=\"2 minutes\" \/>\n<!-- \/ Yoast SEO plugin. -->","yoast_head_json":{"title":"Li\u00ean h\u1ec7 \u0111\u0103ng k\u00fd c\u00e1c m\u00f4n h\u1ecdc b\u1eb1ng ti\u1ebfng Anh - Intertu Education","description":"N\u1ebfu mu\u1ed1n tham gia kh\u00f3a h\u1ecdc, h\u00e3y li\u00ean h\u1ec7 \u0111\u0103ng k\u00fd c\u00e1c m\u00f4n h\u1ecdc b\u1eb1ng ti\u1ebfng Anh v\u1edbi Intertu Education.","robots":{"index":"noindex","follow":"follow","max-snippet":"max-snippet:-1","max-image-preview":"max-image-preview:large","max-video-preview":"max-video-preview:-1"},"og_locale":"en_US","og_type":"article","og_title":"Li\u00ean h\u1ec7 \u0111\u0103ng k\u00fd c\u00e1c m\u00f4n h\u1ecdc b\u1eb1ng ti\u1ebfng Anh - Intertu Education","og_description":"N\u1ebfu mu\u1ed1n tham gia kh\u00f3a h\u1ecdc, h\u00e3y li\u00ean h\u1ec7 \u0111\u0103ng k\u00fd c\u00e1c m\u00f4n h\u1ecdc b\u1eb1ng ti\u1ebfng Anh v\u1edbi Intertu Education.","og_url":"https:\/\/intertu.edu.vn\/en\/lien-he-intertu\/","og_site_name":"Intertu Education","article_publisher":"https:\/\/www.facebook.com\/Intertu.edu.vn","article_modified_time":"2020-01-13T09:15:13+00:00","og_image":[{"url":"http:\/\/intertu.edu.vn\/wp-content\/uploads\/2016\/01\/1-2.png","type":"","width":"","height":""}],"twitter_misc":{"Est. reading time":"2 minutes"},"schema":{"@context":"https:\/\/schema.org","@graph":[{"@type":"WebPage","@id":"https:\/\/intertu.edu.vn\/en\/lien-he-intertu\/","url":"https:\/\/intertu.edu.vn\/en\/lien-he-intertu\/","name":"Li\u00ean h\u1ec7 \u0111\u0103ng k\u00fd c\u00e1c m\u00f4n h\u1ecdc b\u1eb1ng ti\u1ebfng Anh - Intertu Education","isPartOf":{"@id":"https:\/\/show.ia.edu.vn\/#website"},"datePublished":"2014-12-30T10:08:50+00:00","dateModified":"2020-01-13T09:15:13+00:00","description":"N\u1ebfu mu\u1ed1n tham gia kh\u00f3a h\u1ecdc, h\u00e3y li\u00ean h\u1ec7 \u0111\u0103ng k\u00fd c\u00e1c m\u00f4n h\u1ecdc b\u1eb1ng ti\u1ebfng Anh v\u1edbi Intertu Education.","breadcrumb":{"@id":"https:\/\/intertu.edu.vn\/en\/lien-he-intertu\/#breadcrumb"},"inLanguage":"en-US","potentialAction":[{"@type":"ReadAction","target":["https:\/\/intertu.edu.vn\/en\/lien-he-intertu\/"]}]},{"@type":"BreadcrumbList","@id":"https:\/\/intertu.edu.vn\/en\/lien-he-intertu\/#breadcrumb","itemListElement":[{"@type":"ListItem","position":1,"name":"Home","item":"https:\/\/intertu.edu.vn\/"},{"@type":"ListItem","position":2,"name":"Contact Us"}]},{"@type":"WebSite","@id":"https:\/\/show.ia.edu.vn\/#website","url":"https:\/\/show.ia.edu.vn\/","name":"Intertu Education","description":"Intertu Education is the pioneer in the field of international education in Vietnam, specializes in providing language training services, academic subjects in English, skill courses...","publisher":{"@id":"https:\/\/show.ia.edu.vn\/#organization"},"potentialAction":[{"@type":"SearchAction","target":{"@type":"EntryPoint","urlTemplate":"https:\/\/show.ia.edu.vn\/?s={search_term_string}"},"query-input":{"@type":"PropertyValueSpecification","valueRequired":true,"valueName":"search_term_string"}}],"inLanguage":"en-US"},{"@type":"Organization","@id":"https:\/\/show.ia.edu.vn\/#organization","name":"Intertu Education","url":"https:\/\/show.ia.edu.vn\/","logo":{"@type":"ImageObject","inLanguage":"en-US","@id":"https:\/\/show.ia.edu.vn\/#\/schema\/logo\/image\/","url":"https:\/\/intertu.edu.vn\/wp-content\/uploads\/2016\/01\/1-2.png","contentUrl":"https:\/\/intertu.edu.vn\/wp-content\/uploads\/2016\/01\/1-2.png","width":949,"height":319,"caption":"Intertu Education"},"image":{"@id":"https:\/\/show.ia.edu.vn\/#\/schema\/logo\/image\/"},"sameAs":["https:\/\/www.facebook.com\/Intertu.edu.vn"]}]}},"_links":{"self":[{"href":"https:\/\/intertu.edu.vn\/en\/wp-json\/wp\/v2\/pages\/52","targetHints":{"allow":["GET"]}}],"collection":[{"href":"https:\/\/intertu.edu.vn\/en\/wp-json\/wp\/v2\/pages"}],"about":[{"href":"https:\/\/intertu.edu.vn\/en\/wp-json\/wp\/v2\/types\/page"}],"author":[{"embeddable":true,"href":"https:\/\/intertu.edu.vn\/en\/wp-json\/wp\/v2\/users\/75"}],"replies":[{"embeddable":true,"href":"https:\/\/intertu.edu.vn\/en\/wp-json\/wp\/v2\/comments?post=52"}],"version-history":[{"count":2,"href":"https:\/\/intertu.edu.vn\/en\/wp-json\/wp\/v2\/pages\/52\/revisions"}],"predecessor-version":[{"id":6846,"href":"https:\/\/intertu.edu.vn\/en\/wp-json\/wp\/v2\/pages\/52\/revisions\/6846"}],"wp:attachment":[{"href":"https:\/\/intertu.edu.vn\/en\/wp-json\/wp\/v2\/media?parent=52"}],"curies":[{"name":"wp","href":"https:\/\/api.w.org\/{rel}","templated":true}]}}